{"id":2116,"date":"2020-12-07T12:05:57","date_gmt":"2020-12-07T12:05:57","guid":{"rendered":"https:\/\/www.lawoffice-vujacic.com\/careers\/"},"modified":"2024-03-11T19:34:40","modified_gmt":"2024-03-11T18:34:40","slug":"karriere","status":"publish","type":"page","link":"https:\/\/www.lawoffice-vujacic.com\/de\/karriere\/","title":{"rendered":"Karriere"},"content":{"rendered":"\t\t<div data-elementor-type=\"wp-page\" data-elementor-id=\"2116\" class=\"elementor elementor-2116 elementor-311\" data-elementor-post-type=\"page\">\n\t\t\t\t\t\t\t\t\t<section class=\"elementor-section elementor-top-section elementor-element elementor-element-dad55b3 elementor-section-full_width vl-plate elementor-section-height-default elementor-section-height-default\" data-id=\"dad55b3\" data-element_type=\"section\" data-settings=\"{&quot;background_background&quot;:&quot;classic&quot;}\" data-e-bg-lazyload=\"\">\n\t\t\t\t\t\t<div class=\"elementor-container elementor-column-gap-default\">\n\t\t\t\t\t<div class=\"elementor-column elementor-col-100 elementor-top-column elementor-element elementor-element-d9f3268\" data-id=\"d9f3268\" data-element_type=\"column\">\n\t\t\t<div class=\"elementor-widget-wrap elementor-element-populated\">\n\t\t\t\t\t\t\t\t<div class=\"elementor-element elementor-element-81e8bd0 elementor-widget elementor-widget-heading\" data-id=\"81e8bd0\" data-element_type=\"widget\" data-widget_type=\"heading.default\">\n\t\t\t\t<div class=\"elementor-widget-container\">\n\t\t\t<style>\/*! elementor - v3.18.0 - 06-12-2023 *\/\n.elementor-heading-title{padding:0;margin:0;line-height:1}.elementor-widget-heading .elementor-heading-title[class*=elementor-size-]>a{color:inherit;font-size:inherit;line-height:inherit}.elementor-widget-heading .elementor-heading-title.elementor-size-small{font-size:15px}.elementor-widget-heading .elementor-heading-title.elementor-size-medium{font-size:19px}.elementor-widget-heading .elementor-heading-title.elementor-size-large{font-size:29px}.elementor-widget-heading .elementor-heading-title.elementor-size-xl{font-size:39px}.elementor-widget-heading .elementor-heading-title.elementor-size-xxl{font-size:59px}<\/style><h1 class=\"elementor-heading-title elementor-size-default\">Karriere<\/h1>\t\t<\/div>\n\t\t\t\t<\/div>\n\t\t\t\t<div class=\"elementor-element elementor-element-1a74ce8 elementor-hidden-tablet elementor-hidden-phone elementor-widget elementor-widget-spacer\" data-id=\"1a74ce8\" data-element_type=\"widget\" data-widget_type=\"spacer.default\">\n\t\t\t\t<div class=\"elementor-widget-container\">\n\t\t\t<style>\/*! elementor - v3.18.0 - 06-12-2023 *\/\n.elementor-column .elementor-spacer-inner{height:var(--spacer-size)}.e-con{--container-widget-width:100%}.e-con-inner>.elementor-widget-spacer,.e-con>.elementor-widget-spacer{width:var(--container-widget-width,var(--spacer-size));--align-self:var(--container-widget-align-self,initial);--flex-shrink:0}.e-con-inner>.elementor-widget-spacer>.elementor-widget-container,.e-con>.elementor-widget-spacer>.elementor-widget-container{height:100%;width:100%}.e-con-inner>.elementor-widget-spacer>.elementor-widget-container>.elementor-spacer,.e-con>.elementor-widget-spacer>.elementor-widget-container>.elementor-spacer{height:100%}.e-con-inner>.elementor-widget-spacer>.elementor-widget-container>.elementor-spacer>.elementor-spacer-inner,.e-con>.elementor-widget-spacer>.elementor-widget-container>.elementor-spacer>.elementor-spacer-inner{height:var(--container-widget-height,var(--spacer-size))}.e-con-inner>.elementor-widget-spacer.elementor-widget-empty,.e-con>.elementor-widget-spacer.elementor-widget-empty{position:relative;min-height:22px;min-width:22px}.e-con-inner>.elementor-widget-spacer.elementor-widget-empty .elementor-widget-empty-icon,.e-con>.elementor-widget-spacer.elementor-widget-empty .elementor-widget-empty-icon{position:absolute;top:0;bottom:0;left:0;right:0;margin:auto;padding:0;width:22px;height:22px}<\/style>\t\t<div class=\"elementor-spacer\">\n\t\t\t<div class=\"elementor-spacer-inner\"><\/div>\n\t\t<\/div>\n\t\t\t\t<\/div>\n\t\t\t\t<\/div>\n\t\t\t\t\t<\/div>\n\t\t<\/div>\n\t\t\t\t\t\t\t<\/div>\n\t\t<\/section>\n\t\t\t\t<section class=\"elementor-section elementor-top-section elementor-element elementor-element-87c045c elementor-section-boxed elementor-section-height-default elementor-section-height-default\" data-id=\"87c045c\" data-element_type=\"section\" data-settings=\"{&quot;background_background&quot;:&quot;classic&quot;}\">\n\t\t\t\t\t\t<div class=\"elementor-container elementor-column-gap-no\">\n\t\t\t\t\t<div class=\"elementor-column elementor-col-100 elementor-top-column elementor-element elementor-element-3cf4619\" data-id=\"3cf4619\" data-element_type=\"column\" data-settings=\"{&quot;background_background&quot;:&quot;classic&quot;}\">\n\t\t\t<div class=\"elementor-widget-wrap elementor-element-populated\">\n\t\t\t\t\t\t\t\t<section class=\"elementor-section elementor-inner-section elementor-element elementor-element-8bf45a6 elementor-section-boxed elementor-section-height-default elementor-section-height-default\" data-id=\"8bf45a6\" data-element_type=\"section\" data-settings=\"{&quot;background_background&quot;:&quot;classic&quot;}\">\n\t\t\t\t\t\t<div class=\"elementor-container elementor-column-gap-default\">\n\t\t\t\t\t<div class=\"elementor-column elementor-col-100 elementor-inner-column elementor-element elementor-element-8bc0a47\" data-id=\"8bc0a47\" data-element_type=\"column\">\n\t\t\t<div class=\"elementor-widget-wrap elementor-element-populated\">\n\t\t\t\t\t\t\t\t<div class=\"elementor-element elementor-element-81c5050 elementor-widget elementor-widget-heading\" data-id=\"81c5050\" data-element_type=\"widget\" data-widget_type=\"heading.default\">\n\t\t\t\t<div class=\"elementor-widget-container\">\n\t\t\t<h1 class=\"elementor-heading-title elementor-size-default\">Arbeiten Sie mit uns<\/h1>\t\t<\/div>\n\t\t\t\t<\/div>\n\t\t\t\t\t<\/div>\n\t\t<\/div>\n\t\t\t\t\t\t\t<\/div>\n\t\t<\/section>\n\t\t\t\t<section class=\"elementor-section elementor-inner-section elementor-element elementor-element-e8e36dc elementor-section-boxed elementor-section-height-default elementor-section-height-default\" data-id=\"e8e36dc\" data-element_type=\"section\">\n\t\t\t\t\t\t<div class=\"elementor-container elementor-column-gap-default\">\n\t\t\t\t\t<div class=\"elementor-column elementor-col-100 elementor-inner-column elementor-element elementor-element-3ac718a\" data-id=\"3ac718a\" data-element_type=\"column\">\n\t\t\t<div class=\"elementor-widget-wrap elementor-element-populated\">\n\t\t\t\t\t\t\t\t<div class=\"elementor-element elementor-element-1be76d9 elementor-widget elementor-widget-text-editor\" data-id=\"1be76d9\" data-element_type=\"widget\" data-widget_type=\"text-editor.default\">\n\t\t\t\t<div class=\"elementor-widget-container\">\n\t\t\t<style>\/*! elementor - v3.18.0 - 06-12-2023 *\/\n.elementor-widget-text-editor.elementor-drop-cap-view-stacked .elementor-drop-cap{background-color:#69727d;color:#fff}.elementor-widget-text-editor.elementor-drop-cap-view-framed .elementor-drop-cap{color:#69727d;border:3px solid;background-color:transparent}.elementor-widget-text-editor:not(.elementor-drop-cap-view-default) .elementor-drop-cap{margin-top:8px}.elementor-widget-text-editor:not(.elementor-drop-cap-view-default) .elementor-drop-cap-letter{width:1em;height:1em}.elementor-widget-text-editor .elementor-drop-cap{float:left;text-align:center;line-height:1;font-size:50px}.elementor-widget-text-editor .elementor-drop-cap-letter{display:inline-block}<\/style>\t\t\t\t<p>Wir freuen uns \u00fcber jeden Bewerber mit fundierten juristischen Kenntnissen, ausgepr\u00e4gten Kommunikationsf\u00e4higkeiten und der F\u00e4higkeit zu kritischem und systematischem Denken. Wir m\u00f6chten ehrgeizige, leidenschaftliche und verantwortungsbewusste Anw\u00e4lte mit oder ohne Erfahrung einstellen, die bereit sind, ihre F\u00e4higkeiten weiterzuentwickeln.<\/p>\t\t\t\t\t\t<\/div>\n\t\t\t\t<\/div>\n\t\t\t\t\t<\/div>\n\t\t<\/div>\n\t\t\t\t\t\t\t<\/div>\n\t\t<\/section>\n\t\t\t\t\t<\/div>\n\t\t<\/div>\n\t\t\t\t\t\t\t<\/div>\n\t\t<\/section>\n\t\t\t\t<section class=\"elementor-section elementor-top-section elementor-element elementor-element-f070677 elementor-section-boxed elementor-section-height-default elementor-section-height-default\" data-id=\"f070677\" data-element_type=\"section\" data-settings=\"{&quot;background_background&quot;:&quot;classic&quot;}\">\n\t\t\t\t\t\t<div class=\"elementor-container elementor-column-gap-no\">\n\t\t\t\t\t<div class=\"elementor-column elementor-col-100 elementor-top-column elementor-element elementor-element-cda6a94\" data-id=\"cda6a94\" data-element_type=\"column\">\n\t\t\t<div class=\"elementor-widget-wrap elementor-element-populated\">\n\t\t\t\t\t\t\t\t<section class=\"elementor-section elementor-inner-section elementor-element elementor-element-928f41f elementor-section-boxed elementor-section-height-default elementor-section-height-default\" data-id=\"928f41f\" data-element_type=\"section\" data-settings=\"{&quot;background_background&quot;:&quot;classic&quot;}\">\n\t\t\t\t\t\t<div class=\"elementor-container elementor-column-gap-default\">\n\t\t\t\t\t<div class=\"elementor-column elementor-col-100 elementor-inner-column elementor-element elementor-element-2740d9f\" data-id=\"2740d9f\" data-element_type=\"column\">\n\t\t\t<div class=\"elementor-widget-wrap elementor-element-populated\">\n\t\t\t\t\t\t\t\t<div class=\"elementor-element elementor-element-93ffcbf elementor-widget elementor-widget-text-editor\" data-id=\"93ffcbf\" data-element_type=\"widget\" data-widget_type=\"text-editor.default\">\n\t\t\t\t<div class=\"elementor-widget-container\">\n\t\t\t\t\t\t\t<span style=\"color: #ffffff;\">Bewerben k\u00f6nnen Sie sich per Lebenslauf unter<\/span> <a href=\"mailto:office@lawoffice-vujacic.com\"><span style=\"color: #c7b189;\">office@lawoffice-vujacic.com<\/span><\/a>\t\t\t\t\t\t<\/div>\n\t\t\t\t<\/div>\n\t\t\t\t\t<\/div>\n\t\t<\/div>\n\t\t\t\t\t\t\t<\/div>\n\t\t<\/section>\n\t\t\t\t\t<\/div>\n\t\t<\/div>\n\t\t\t\t\t\t\t<\/div>\n\t\t<\/section>\n\t\t\t\t<section class=\"elementor-section elementor-top-section elementor-element elementor-element-73c79bd elementor-section-boxed elementor-section-height-default elementor-section-height-default\" data-id=\"73c79bd\" data-element_type=\"section\" data-settings=\"{&quot;background_background&quot;:&quot;classic&quot;}\">\n\t\t\t\t\t\t<div class=\"elementor-container elementor-column-gap-default\">\n\t\t\t\t\t<div class=\"elementor-column elementor-col-100 elementor-top-column elementor-element elementor-element-413beef\" data-id=\"413beef\" data-element_type=\"column\">\n\t\t\t<div class=\"elementor-widget-wrap elementor-element-populated\">\n\t\t\t\t\t\t\t\t<section class=\"elementor-section elementor-inner-section elementor-element elementor-element-288dc83 elementor-section-boxed elementor-section-height-default elementor-section-height-default\" data-id=\"288dc83\" data-element_type=\"section\">\n\t\t\t\t\t\t<div class=\"elementor-container elementor-column-gap-default\">\n\t\t\t\t\t<div class=\"elementor-column elementor-col-100 elementor-inner-column elementor-element elementor-element-c83d914\" data-id=\"c83d914\" data-element_type=\"column\">\n\t\t\t<div class=\"elementor-widget-wrap elementor-element-populated\">\n\t\t\t\t\t\t\t\t<div class=\"elementor-element elementor-element-50acfb6 elementor-align-center elementor-widget elementor-widget-button\" data-id=\"50acfb6\" data-element_type=\"widget\" data-widget_type=\"button.default\">\n\t\t\t\t<div class=\"elementor-widget-container\">\n\t\t\t\t\t<div class=\"elementor-button-wrapper\">\n\t\t\t<a class=\"elementor-button elementor-button-link elementor-size-sm\" href=\"https:\/\/www.lawoffice-vujacic.com\/de\/kontakt\/\">\n\t\t\t\t\t\t<span class=\"elementor-button-content-wrapper\">\n\t\t\t\t\t\t<span class=\"elementor-button-text\">Kontaktiere uns<\/span>\n\t\t<\/span>\n\t\t\t\t\t<\/a>\n\t\t<\/div>\n\t\t\t\t<\/div>\n\t\t\t\t<\/div>\n\t\t\t\t\t<\/div>\n\t\t<\/div>\n\t\t\t\t\t\t\t<\/div>\n\t\t<\/section>\n\t\t\t\t\t<\/div>\n\t\t<\/div>\n\t\t\t\t\t\t\t<\/div>\n\t\t<\/section>\n\t\t\t\t\t\t\t<\/div>\n\t\t","protected":false},"excerpt":{"rendered":"<p>Karriere Arbeiten Sie mit uns Wir freuen uns \u00fcber jeden Bewerber mit fundierten juristischen Kenntnissen, ausgepr\u00e4gten Kommunikationsf\u00e4higkeiten und der F\u00e4higkeit zu kritischem und systematischem Denken. Wir m\u00f6chten ehrgeizige, leidenschaftliche und verantwortungsbewusste Anw\u00e4lte mit oder ohne Erfahrung einstellen, die bereit sind, ihre F\u00e4higkeiten weiterzuentwickeln. Bewerben k\u00f6nnen Sie sich per Lebenslauf unter office@lawoffice-vujacic.com Kontaktiere uns<\/p>\n","protected":false},"author":4,"featured_media":0,"parent":0,"menu_order":0,"comment_status":"closed","ping_status":"closed","template":"","meta":{"inline_featured_image":false,"site-sidebar-layout":"no-sidebar","site-content-layout":"page-builder","ast-site-content-layout":"","site-content-style":"default","site-sidebar-style":"default","ast-global-header-display":"","ast-banner-title-visibility":"","ast-main-header-display":"","ast-hfb-above-header-display":"","ast-hfb-below-header-display":"","ast-hfb-mobile-header-display":"","site-post-title":"disabled","ast-breadcrumbs-content":"","ast-featured-img":"disabled","footer-sml-layout":"","theme-transparent-header-meta":"default","adv-header-id-meta":"","stick-header-meta":"","header-above-stick-meta":"","header-main-stick-meta":"","header-below-stick-meta":"","astra-migrate-meta-layouts":"set","ast-page-background-enabled":"default","ast-page-background-meta":{"desktop":{"background-color":"","background-image":"","background-repeat":"repeat","background-position":"center center","background-size":"auto","background-attachment":"scroll","background-type":"","background-media":"","overlay-type":"","overlay-color":"","overlay-gradient":""},"tablet":{"background-color":"","background-image":"","background-repeat":"repeat","background-position":"center center","background-size":"auto","background-attachment":"scroll","background-type":"","background-media":"","overlay-type":"","overlay-color":"","overlay-gradient":""},"mobile":{"background-color":"","background-image":"","background-repeat":"repeat","background-position":"center center","background-size":"auto","background-attachment":"scroll","background-type":"","background-media":"","overlay-type":"","overlay-color":"","overlay-gradient":""}},"ast-content-background-meta":{"desktop":{"background-color":"var(--ast-global-color-5)","background-image":"","background-repeat":"repeat","background-position":"center center","background-size":"auto","background-attachment":"scroll","background-type":"","background-media":"","overlay-type":"","overlay-color":"","overlay-gradient":""},"tablet":{"background-color":"var(--ast-global-color-5)","background-image":"","background-repeat":"repeat","background-position":"center center","background-size":"auto","background-attachment":"scroll","background-type":"","background-media":"","overlay-type":"","overlay-color":"","overlay-gradient":""},"mobile":{"background-color":"var(--ast-global-color-5)","background-image":"","background-repeat":"repeat","background-position":"center center","background-size":"auto","background-attachment":"scroll","background-type":"","background-media":"","overlay-type":"","overlay-color":"","overlay-gradient":""}},"footnotes":""},"class_list":["post-2116","page","type-page","status-publish","hentry"],"yoast_head":"<!-- This site is optimized with the Yoast SEO plugin v27.4 - https:\/\/yoast.com\/product\/yoast-seo-wordpress\/ -->\n<title>Karriere &#8212; Law Office Vujacic<\/title>\n<meta name=\"robots\" content=\"index, follow, max-snippet:-1, max-image-preview:large, max-video-preview:-1\" \/>\n<link rel=\"canonical\" href=\"https:\/\/www.lawoffice-vujacic.com\/de\/karriere\/\" \/>\n<meta property=\"og:locale\" content=\"de_DE\" \/>\n<meta property=\"og:type\" content=\"article\" \/>\n<meta property=\"og:title\" content=\"Karriere &#8212; Law Office Vujacic\" \/>\n<meta property=\"og:description\" content=\"Karriere Arbeiten Sie mit uns Wir freuen uns \u00fcber jeden Bewerber mit fundierten juristischen Kenntnissen, ausgepr\u00e4gten Kommunikationsf\u00e4higkeiten und der F\u00e4higkeit zu kritischem und systematischem Denken. Wir m\u00f6chten ehrgeizige, leidenschaftliche und verantwortungsbewusste Anw\u00e4lte mit oder ohne Erfahrung einstellen, die bereit sind, ihre F\u00e4higkeiten weiterzuentwickeln. Bewerben k\u00f6nnen Sie sich per Lebenslauf unter office@lawoffice-vujacic.com Kontaktiere uns\" \/>\n<meta property=\"og:url\" content=\"https:\/\/www.lawoffice-vujacic.com\/de\/karriere\/\" \/>\n<meta property=\"og:site_name\" content=\"Law Office Vujacic\" \/>\n<meta property=\"article:publisher\" content=\"https:\/\/www.facebook.com\/lawvujacic\" \/>\n<meta property=\"article:modified_time\" content=\"2024-03-11T18:34:40+00:00\" \/>\n<meta property=\"og:image\" content=\"https:\/\/www.lawoffice-vujacic.com\/media\/2020\/12\/hero-01.jpg\" \/>\n\t<meta property=\"og:image:width\" content=\"1920\" \/>\n\t<meta property=\"og:image:height\" content=\"1166\" \/>\n\t<meta property=\"og:image:type\" content=\"image\/jpeg\" \/>\n<meta name=\"twitter:card\" content=\"summary_large_image\" \/>\n<meta name=\"twitter:label1\" content=\"Gesch\u00e4tzte Lesezeit\" \/>\n\t<meta name=\"twitter:data1\" content=\"1\u00a0Minute\" \/>\n<script type=\"application\/ld+json\" class=\"yoast-schema-graph\">{\"@context\":\"https:\\\/\\\/schema.org\",\"@graph\":[{\"@type\":\"WebPage\",\"@id\":\"https:\\\/\\\/www.lawoffice-vujacic.com\\\/de\\\/karriere\\\/\",\"url\":\"https:\\\/\\\/www.lawoffice-vujacic.com\\\/de\\\/karriere\\\/\",\"name\":\"Karriere &#8212; Law Office Vujacic\",\"isPartOf\":{\"@id\":\"https:\\\/\\\/www.lawoffice-vujacic.com\\\/#website\"},\"datePublished\":\"2020-12-07T12:05:57+00:00\",\"dateModified\":\"2024-03-11T18:34:40+00:00\",\"breadcrumb\":{\"@id\":\"https:\\\/\\\/www.lawoffice-vujacic.com\\\/de\\\/karriere\\\/#breadcrumb\"},\"inLanguage\":\"de\",\"potentialAction\":[{\"@type\":\"ReadAction\",\"target\":[\"https:\\\/\\\/www.lawoffice-vujacic.com\\\/de\\\/karriere\\\/\"]}]},{\"@type\":\"BreadcrumbList\",\"@id\":\"https:\\\/\\\/www.lawoffice-vujacic.com\\\/de\\\/karriere\\\/#breadcrumb\",\"itemListElement\":[{\"@type\":\"ListItem\",\"position\":1,\"name\":\"Home\",\"item\":\"https:\\\/\\\/www.lawoffice-vujacic.com\\\/\"},{\"@type\":\"ListItem\",\"position\":2,\"name\":\"Karriere\"}]},{\"@type\":\"WebSite\",\"@id\":\"https:\\\/\\\/www.lawoffice-vujacic.com\\\/#website\",\"url\":\"https:\\\/\\\/www.lawoffice-vujacic.com\\\/\",\"name\":\"Law Office Vujacic\",\"description\":\"Law Office Vujacic is law firm with a long and proud tradition of supporting clients by high quality legal services.\",\"publisher\":{\"@id\":\"https:\\\/\\\/www.lawoffice-vujacic.com\\\/#organization\"},\"potentialAction\":[{\"@type\":\"SearchAction\",\"target\":{\"@type\":\"EntryPoint\",\"urlTemplate\":\"https:\\\/\\\/www.lawoffice-vujacic.com\\\/?s={search_term_string}\"},\"query-input\":{\"@type\":\"PropertyValueSpecification\",\"valueRequired\":true,\"valueName\":\"search_term_string\"}}],\"inLanguage\":\"de\"},{\"@type\":\"Organization\",\"@id\":\"https:\\\/\\\/www.lawoffice-vujacic.com\\\/#organization\",\"name\":\"Law Office Vujacic\",\"url\":\"https:\\\/\\\/www.lawoffice-vujacic.com\\\/\",\"logo\":{\"@type\":\"ImageObject\",\"inLanguage\":\"de\",\"@id\":\"https:\\\/\\\/www.lawoffice-vujacic.com\\\/#\\\/schema\\\/logo\\\/image\\\/\",\"url\":\"https:\\\/\\\/www.lawoffice-vujacic.com\\\/media\\\/2020\\\/12\\\/favicon.png\",\"contentUrl\":\"https:\\\/\\\/www.lawoffice-vujacic.com\\\/media\\\/2020\\\/12\\\/favicon.png\",\"width\":512,\"height\":512,\"caption\":\"Law Office Vujacic\"},\"image\":{\"@id\":\"https:\\\/\\\/www.lawoffice-vujacic.com\\\/#\\\/schema\\\/logo\\\/image\\\/\"},\"sameAs\":[\"https:\\\/\\\/www.facebook.com\\\/lawvujacic\",\"https:\\\/\\\/www.linkedin.com\\\/company\\\/law-office-vujacic\\\/\"]}]}<\/script>\n<!-- \/ Yoast SEO plugin. -->","yoast_head_json":{"title":"Karriere &#8212; Law Office Vujacic","robots":{"index":"index","follow":"follow","max-snippet":"max-snippet:-1","max-image-preview":"max-image-preview:large","max-video-preview":"max-video-preview:-1"},"canonical":"https:\/\/www.lawoffice-vujacic.com\/de\/karriere\/","og_locale":"de_DE","og_type":"article","og_title":"Karriere &#8212; Law Office Vujacic","og_description":"Karriere Arbeiten Sie mit uns Wir freuen uns \u00fcber jeden Bewerber mit fundierten juristischen Kenntnissen, ausgepr\u00e4gten Kommunikationsf\u00e4higkeiten und der F\u00e4higkeit zu kritischem und systematischem Denken. Wir m\u00f6chten ehrgeizige, leidenschaftliche und verantwortungsbewusste Anw\u00e4lte mit oder ohne Erfahrung einstellen, die bereit sind, ihre F\u00e4higkeiten weiterzuentwickeln. Bewerben k\u00f6nnen Sie sich per Lebenslauf unter office@lawoffice-vujacic.com Kontaktiere uns","og_url":"https:\/\/www.lawoffice-vujacic.com\/de\/karriere\/","og_site_name":"Law Office Vujacic","article_publisher":"https:\/\/www.facebook.com\/lawvujacic","article_modified_time":"2024-03-11T18:34:40+00:00","og_image":[{"width":1920,"height":1166,"url":"https:\/\/www.lawoffice-vujacic.com\/media\/2020\/12\/hero-01.jpg","type":"image\/jpeg"}],"twitter_card":"summary_large_image","twitter_misc":{"Gesch\u00e4tzte Lesezeit":"1\u00a0Minute"},"schema":{"@context":"https:\/\/schema.org","@graph":[{"@type":"WebPage","@id":"https:\/\/www.lawoffice-vujacic.com\/de\/karriere\/","url":"https:\/\/www.lawoffice-vujacic.com\/de\/karriere\/","name":"Karriere &#8212; Law Office Vujacic","isPartOf":{"@id":"https:\/\/www.lawoffice-vujacic.com\/#website"},"datePublished":"2020-12-07T12:05:57+00:00","dateModified":"2024-03-11T18:34:40+00:00","breadcrumb":{"@id":"https:\/\/www.lawoffice-vujacic.com\/de\/karriere\/#breadcrumb"},"inLanguage":"de","potentialAction":[{"@type":"ReadAction","target":["https:\/\/www.lawoffice-vujacic.com\/de\/karriere\/"]}]},{"@type":"BreadcrumbList","@id":"https:\/\/www.lawoffice-vujacic.com\/de\/karriere\/#breadcrumb","itemListElement":[{"@type":"ListItem","position":1,"name":"Home","item":"https:\/\/www.lawoffice-vujacic.com\/"},{"@type":"ListItem","position":2,"name":"Karriere"}]},{"@type":"WebSite","@id":"https:\/\/www.lawoffice-vujacic.com\/#website","url":"https:\/\/www.lawoffice-vujacic.com\/","name":"Law Office Vujacic","description":"Law Office Vujacic is law firm with a long and proud tradition of supporting clients by high quality legal services.","publisher":{"@id":"https:\/\/www.lawoffice-vujacic.com\/#organization"},"potentialAction":[{"@type":"SearchAction","target":{"@type":"EntryPoint","urlTemplate":"https:\/\/www.lawoffice-vujacic.com\/?s={search_term_string}"},"query-input":{"@type":"PropertyValueSpecification","valueRequired":true,"valueName":"search_term_string"}}],"inLanguage":"de"},{"@type":"Organization","@id":"https:\/\/www.lawoffice-vujacic.com\/#organization","name":"Law Office Vujacic","url":"https:\/\/www.lawoffice-vujacic.com\/","logo":{"@type":"ImageObject","inLanguage":"de","@id":"https:\/\/www.lawoffice-vujacic.com\/#\/schema\/logo\/image\/","url":"https:\/\/www.lawoffice-vujacic.com\/media\/2020\/12\/favicon.png","contentUrl":"https:\/\/www.lawoffice-vujacic.com\/media\/2020\/12\/favicon.png","width":512,"height":512,"caption":"Law Office Vujacic"},"image":{"@id":"https:\/\/www.lawoffice-vujacic.com\/#\/schema\/logo\/image\/"},"sameAs":["https:\/\/www.facebook.com\/lawvujacic","https:\/\/www.linkedin.com\/company\/law-office-vujacic\/"]}]}},"_links":{"self":[{"href":"https:\/\/www.lawoffice-vujacic.com\/de\/wp-json\/wp\/v2\/pages\/2116","targetHints":{"allow":["GET"]}}],"collection":[{"href":"https:\/\/www.lawoffice-vujacic.com\/de\/wp-json\/wp\/v2\/pages"}],"about":[{"href":"https:\/\/www.lawoffice-vujacic.com\/de\/wp-json\/wp\/v2\/types\/page"}],"author":[{"embeddable":true,"href":"https:\/\/www.lawoffice-vujacic.com\/de\/wp-json\/wp\/v2\/users\/4"}],"replies":[{"embeddable":true,"href":"https:\/\/www.lawoffice-vujacic.com\/de\/wp-json\/wp\/v2\/comments?post=2116"}],"version-history":[{"count":4,"href":"https:\/\/www.lawoffice-vujacic.com\/de\/wp-json\/wp\/v2\/pages\/2116\/revisions"}],"predecessor-version":[{"id":2121,"href":"https:\/\/www.lawoffice-vujacic.com\/de\/wp-json\/wp\/v2\/pages\/2116\/revisions\/2121"}],"wp:attachment":[{"href":"https:\/\/www.lawoffice-vujacic.com\/de\/wp-json\/wp\/v2\/media?parent=2116"}],"curies":[{"name":"wp","href":"https:\/\/api.w.org\/{rel}","templated":true}]}}