{"id":2024,"date":"2020-12-03T12:33:37","date_gmt":"2020-12-03T12:33:37","guid":{"rendered":"https:\/\/www.lawoffice-vujacic.com\/about-us\/"},"modified":"2024-03-11T19:16:35","modified_gmt":"2024-03-11T18:16:35","slug":"uber-uns","status":"publish","type":"page","link":"https:\/\/www.lawoffice-vujacic.com\/de\/uber-uns\/","title":{"rendered":"\u00dcber uns"},"content":{"rendered":"\t\t<div data-elementor-type=\"wp-page\" data-elementor-id=\"2024\" class=\"elementor elementor-2024 elementor-11\" data-elementor-post-type=\"page\">\n\t\t\t\t\t\t\t\t\t<section class=\"elementor-section elementor-top-section elementor-element elementor-element-a324f61 elementor-section-full_width vl-plate elementor-section-height-default elementor-section-height-default\" data-id=\"a324f61\" data-element_type=\"section\" data-settings=\"{&quot;background_background&quot;:&quot;classic&quot;}\" data-e-bg-lazyload=\"\">\n\t\t\t\t\t\t<div class=\"elementor-container elementor-column-gap-default\">\n\t\t\t\t\t<div class=\"elementor-column elementor-col-100 elementor-top-column elementor-element elementor-element-ed7a140\" data-id=\"ed7a140\" data-element_type=\"column\">\n\t\t\t<div class=\"elementor-widget-wrap elementor-element-populated\">\n\t\t\t\t\t\t\t\t<div class=\"elementor-element elementor-element-4c54832 elementor-widget elementor-widget-heading\" data-id=\"4c54832\" data-element_type=\"widget\" data-widget_type=\"heading.default\">\n\t\t\t\t<div class=\"elementor-widget-container\">\n\t\t\t<style>\/*! elementor - v3.18.0 - 06-12-2023 *\/\n.elementor-heading-title{padding:0;margin:0;line-height:1}.elementor-widget-heading .elementor-heading-title[class*=elementor-size-]>a{color:inherit;font-size:inherit;line-height:inherit}.elementor-widget-heading .elementor-heading-title.elementor-size-small{font-size:15px}.elementor-widget-heading .elementor-heading-title.elementor-size-medium{font-size:19px}.elementor-widget-heading .elementor-heading-title.elementor-size-large{font-size:29px}.elementor-widget-heading .elementor-heading-title.elementor-size-xl{font-size:39px}.elementor-widget-heading .elementor-heading-title.elementor-size-xxl{font-size:59px}<\/style><h1 class=\"elementor-heading-title elementor-size-default\">\u00dcber uns<\/h1>\t\t<\/div>\n\t\t\t\t<\/div>\n\t\t\t\t<div class=\"elementor-element elementor-element-b84b407 elementor-hidden-tablet elementor-hidden-phone elementor-widget elementor-widget-spacer\" data-id=\"b84b407\" data-element_type=\"widget\" data-widget_type=\"spacer.default\">\n\t\t\t\t<div class=\"elementor-widget-container\">\n\t\t\t<style>\/*! elementor - v3.18.0 - 06-12-2023 *\/\n.elementor-column .elementor-spacer-inner{height:var(--spacer-size)}.e-con{--container-widget-width:100%}.e-con-inner>.elementor-widget-spacer,.e-con>.elementor-widget-spacer{width:var(--container-widget-width,var(--spacer-size));--align-self:var(--container-widget-align-self,initial);--flex-shrink:0}.e-con-inner>.elementor-widget-spacer>.elementor-widget-container,.e-con>.elementor-widget-spacer>.elementor-widget-container{height:100%;width:100%}.e-con-inner>.elementor-widget-spacer>.elementor-widget-container>.elementor-spacer,.e-con>.elementor-widget-spacer>.elementor-widget-container>.elementor-spacer{height:100%}.e-con-inner>.elementor-widget-spacer>.elementor-widget-container>.elementor-spacer>.elementor-spacer-inner,.e-con>.elementor-widget-spacer>.elementor-widget-container>.elementor-spacer>.elementor-spacer-inner{height:var(--container-widget-height,var(--spacer-size))}.e-con-inner>.elementor-widget-spacer.elementor-widget-empty,.e-con>.elementor-widget-spacer.elementor-widget-empty{position:relative;min-height:22px;min-width:22px}.e-con-inner>.elementor-widget-spacer.elementor-widget-empty .elementor-widget-empty-icon,.e-con>.elementor-widget-spacer.elementor-widget-empty .elementor-widget-empty-icon{position:absolute;top:0;bottom:0;left:0;right:0;margin:auto;padding:0;width:22px;height:22px}<\/style>\t\t<div class=\"elementor-spacer\">\n\t\t\t<div class=\"elementor-spacer-inner\"><\/div>\n\t\t<\/div>\n\t\t\t\t<\/div>\n\t\t\t\t<\/div>\n\t\t\t\t\t<\/div>\n\t\t<\/div>\n\t\t\t\t\t\t\t<\/div>\n\t\t<\/section>\n\t\t\t\t<section class=\"elementor-section elementor-top-section elementor-element elementor-element-9d4c970 elementor-section-boxed elementor-section-height-default elementor-section-height-default\" data-id=\"9d4c970\" data-element_type=\"section\">\n\t\t\t\t\t\t<div class=\"elementor-container elementor-column-gap-default\">\n\t\t\t\t\t<div class=\"elementor-column elementor-col-100 elementor-top-column elementor-element elementor-element-b0c26c0\" data-id=\"b0c26c0\" data-element_type=\"column\">\n\t\t\t<div class=\"elementor-widget-wrap elementor-element-populated\">\n\t\t\t\t\t\t\t\t<section class=\"elementor-section elementor-inner-section elementor-element elementor-element-08c21bd elementor-section-boxed elementor-section-height-default elementor-section-height-default\" data-id=\"08c21bd\" data-element_type=\"section\">\n\t\t\t\t\t\t<div class=\"elementor-container elementor-column-gap-default\">\n\t\t\t\t\t<div class=\"elementor-column elementor-col-100 elementor-inner-column elementor-element elementor-element-09c1311\" data-id=\"09c1311\" data-element_type=\"column\" data-settings=\"{&quot;background_background&quot;:&quot;classic&quot;}\">\n\t\t\t<div class=\"elementor-widget-wrap elementor-element-populated\">\n\t\t\t\t\t\t\t\t<div class=\"elementor-element elementor-element-368fb3a elementor-widget elementor-widget-heading\" data-id=\"368fb3a\" data-element_type=\"widget\" data-widget_type=\"heading.default\">\n\t\t\t\t<div class=\"elementor-widget-container\">\n\t\t\t<h1 class=\"elementor-heading-title elementor-size-default\">Law Office Vujacic<\/h1>\t\t<\/div>\n\t\t\t\t<\/div>\n\t\t\t\t<div class=\"elementor-element elementor-element-e5d09bd elementor-widget elementor-widget-text-editor\" data-id=\"e5d09bd\" data-element_type=\"widget\" data-widget_type=\"text-editor.default\">\n\t\t\t\t<div class=\"elementor-widget-container\">\n\t\t\t<style>\/*! elementor - v3.18.0 - 06-12-2023 *\/\n.elementor-widget-text-editor.elementor-drop-cap-view-stacked .elementor-drop-cap{background-color:#69727d;color:#fff}.elementor-widget-text-editor.elementor-drop-cap-view-framed .elementor-drop-cap{color:#69727d;border:3px solid;background-color:transparent}.elementor-widget-text-editor:not(.elementor-drop-cap-view-default) .elementor-drop-cap{margin-top:8px}.elementor-widget-text-editor:not(.elementor-drop-cap-view-default) .elementor-drop-cap-letter{width:1em;height:1em}.elementor-widget-text-editor .elementor-drop-cap{float:left;text-align:center;line-height:1;font-size:50px}.elementor-widget-text-editor .elementor-drop-cap-letter{display:inline-block}<\/style>\t\t\t\t<p>Ist eine moderne Gesch\u00e4ftsrechtskanzlei mit einer langen und stolzen Tradition der Unterst\u00fctzung der Klienten mit hochwertiger Rechtsberatung in allen Bereichen des Gesellschaftsrechts, Zivilrecht und Handelsrecht.<\/p><p>Unsere Arbeit und Engagement, um umfassende und effektive Rechtsberatung den inl\u00e4ndischen und ausl\u00e4ndischen Klienten, die in Montenegro bedienen, zu bieten und innovative L\u00f6sungen zu finden, umfasst eine Variet\u00e4t von Recht und Gesch\u00e4ften, wurde von unseren Klienten und unabh\u00e4nglichen Kommentatoren erkannt.<\/p><p>Gegr\u00fcndet im Jahr 1969 von Herrn Djordjije Vujacic, Law Office Vujacic war eine der ersten montenegrinischen Rechtsanwaltkanzleien mit internationaler Ausrichtung. Diese Tradition wurde fortgesetzt von guten Praktikern.<\/p><p>Law Office Vujacic hat sich in eine der prestigetr\u00e4chtigsten montenegrinischen Rechtsanwaltkanzleien weiterentwickelt und mit einem energischen Team wickeln wir erfolgreich die komplexesten Anspruche f\u00fcr unsere Klienten ab.<\/p><p>Die Gesch\u00e4ftspolitik unserer Kanzlei ist zusammengesetzt, um unser Best Practice und Kundenbed\u00fcrfnisse um gegenseitige Zufriedenheit und eine langfristige Zusammenarbeit zu erreichen.<\/p>\t\t\t\t\t\t<\/div>\n\t\t\t\t<\/div>\n\t\t\t\t\t<\/div>\n\t\t<\/div>\n\t\t\t\t\t\t\t<\/div>\n\t\t<\/section>\n\t\t\t\t<section class=\"elementor-section elementor-inner-section elementor-element elementor-element-5529580 elementor-section-boxed elementor-section-height-default elementor-section-height-default\" data-id=\"5529580\" data-element_type=\"section\">\n\t\t\t\t\t\t<div class=\"elementor-container elementor-column-gap-default\">\n\t\t\t\t\t<div class=\"elementor-column elementor-col-50 elementor-inner-column elementor-element elementor-element-ce0553e\" data-id=\"ce0553e\" data-element_type=\"column\" data-settings=\"{&quot;background_background&quot;:&quot;classic&quot;}\">\n\t\t\t<div class=\"elementor-widget-wrap elementor-element-populated\">\n\t\t\t\t\t\t\t\t<div class=\"elementor-element elementor-element-dcda5e0 elementor-align-center elementor-widget elementor-widget-button\" data-id=\"dcda5e0\" data-element_type=\"widget\" data-widget_type=\"button.default\">\n\t\t\t\t<div class=\"elementor-widget-container\">\n\t\t\t\t\t<div class=\"elementor-button-wrapper\">\n\t\t\t<a class=\"elementor-button elementor-button-link elementor-size-sm\" href=\"https:\/\/www.lawoffice-vujacic.com\/media\/2020\/12\/law-office-vujacic.pdf\" target=\"_blank\">\n\t\t\t\t\t\t<span class=\"elementor-button-content-wrapper\">\n\t\t\t\t\t\t<span class=\"elementor-button-text\">Firmenprofil herunterladen<\/span>\n\t\t<\/span>\n\t\t\t\t\t<\/a>\n\t\t<\/div>\n\t\t\t\t<\/div>\n\t\t\t\t<\/div>\n\t\t\t\t\t<\/div>\n\t\t<\/div>\n\t\t\t\t<div class=\"elementor-column elementor-col-50 elementor-inner-column elementor-element elementor-element-9043aa0\" data-id=\"9043aa0\" data-element_type=\"column\" data-settings=\"{&quot;background_background&quot;:&quot;classic&quot;}\">\n\t\t\t<div class=\"elementor-widget-wrap elementor-element-populated\">\n\t\t\t\t\t\t\t\t<div class=\"elementor-element elementor-element-e36cdab elementor-align-center elementor-widget elementor-widget-button\" data-id=\"e36cdab\" data-element_type=\"widget\" data-widget_type=\"button.default\">\n\t\t\t\t<div class=\"elementor-widget-container\">\n\t\t\t\t\t<div class=\"elementor-button-wrapper\">\n\t\t\t<a class=\"elementor-button elementor-button-link elementor-size-sm\" href=\"https:\/\/www.lawoffice-vujacic.com\/media\/2020\/12\/Anti-Bribery_Policy.pdf\" target=\"_blank\">\n\t\t\t\t\t\t<span class=\"elementor-button-content-wrapper\">\n\t\t\t\t\t\t<span class=\"elementor-button-text\">Anty-Bribery Policy<\/span>\n\t\t<\/span>\n\t\t\t\t\t<\/a>\n\t\t<\/div>\n\t\t\t\t<\/div>\n\t\t\t\t<\/div>\n\t\t\t\t\t<\/div>\n\t\t<\/div>\n\t\t\t\t\t\t\t<\/div>\n\t\t<\/section>\n\t\t\t\t<section class=\"elementor-section elementor-inner-section elementor-element elementor-element-40deeae elementor-section-boxed elementor-section-height-default elementor-section-height-default\" data-id=\"40deeae\" data-element_type=\"section\">\n\t\t\t\t\t\t<div class=\"elementor-container elementor-column-gap-default\">\n\t\t\t\t\t<div class=\"elementor-column elementor-col-100 elementor-inner-column elementor-element elementor-element-68eb765\" data-id=\"68eb765\" data-element_type=\"column\">\n\t\t\t<div class=\"elementor-widget-wrap elementor-element-populated\">\n\t\t\t\t\t\t\t\t<div class=\"elementor-element elementor-element-858fec1 elementor-align-center elementor-widget elementor-widget-button\" data-id=\"858fec1\" data-element_type=\"widget\" data-widget_type=\"button.default\">\n\t\t\t\t<div class=\"elementor-widget-container\">\n\t\t\t\t\t<div class=\"elementor-button-wrapper\">\n\t\t\t<a class=\"elementor-button elementor-button-link elementor-size-sm\" href=\"https:\/\/www.lawoffice-vujacic.com\/de\/das-team\/\">\n\t\t\t\t\t\t<span class=\"elementor-button-content-wrapper\">\n\t\t\t\t\t\t<span class=\"elementor-button-text\">Treffen Sie unser Team<\/span>\n\t\t<\/span>\n\t\t\t\t\t<\/a>\n\t\t<\/div>\n\t\t\t\t<\/div>\n\t\t\t\t<\/div>\n\t\t\t\t\t<\/div>\n\t\t<\/div>\n\t\t\t\t\t\t\t<\/div>\n\t\t<\/section>\n\t\t\t\t\t<\/div>\n\t\t<\/div>\n\t\t\t\t\t\t\t<\/div>\n\t\t<\/section>\n\t\t\t\t\t\t\t<\/div>\n\t\t","protected":false},"excerpt":{"rendered":"<p>\u00dcber uns Law Office Vujacic Ist eine moderne Gesch\u00e4ftsrechtskanzlei mit einer langen und stolzen Tradition der Unterst\u00fctzung der Klienten mit hochwertiger Rechtsberatung in allen Bereichen des Gesellschaftsrechts, Zivilrecht und Handelsrecht. Unsere Arbeit und Engagement, um umfassende und effektive Rechtsberatung den inl\u00e4ndischen und ausl\u00e4ndischen Klienten, die in Montenegro bedienen, zu bieten und innovative L\u00f6sungen zu finden, [&hellip;]<\/p>\n","protected":false},"author":4,"featured_media":0,"parent":0,"menu_order":0,"comment_status":"closed","ping_status":"closed","template":"","meta":{"inline_featured_image":false,"site-sidebar-layout":"no-sidebar","site-content-layout":"page-builder","ast-site-content-layout":"","site-content-style":"default","site-sidebar-style":"default","ast-global-header-display":"","ast-banner-title-visibility":"","ast-main-header-display":"","ast-hfb-above-header-display":"","ast-hfb-below-header-display":"","ast-hfb-mobile-header-display":"","site-post-title":"disabled","ast-breadcrumbs-content":"","ast-featured-img":"disabled","footer-sml-layout":"","theme-transparent-header-meta":"default","adv-header-id-meta":"","stick-header-meta":"","header-above-stick-meta":"","header-main-stick-meta":"","header-below-stick-meta":"","astra-migrate-meta-layouts":"set","ast-page-background-enabled":"default","ast-page-background-meta":{"desktop":{"background-color":"","background-image":"","background-repeat":"repeat","background-position":"center center","background-size":"auto","background-attachment":"scroll","background-type":"","background-media":"","overlay-type":"","overlay-color":"","overlay-gradient":""},"tablet":{"background-color":"","background-image":"","background-repeat":"repeat","background-position":"center center","background-size":"auto","background-attachment":"scroll","background-type":"","background-media":"","overlay-type":"","overlay-color":"","overlay-gradient":""},"mobile":{"background-color":"","background-image":"","background-repeat":"repeat","background-position":"center center","background-size":"auto","background-attachment":"scroll","background-type":"","background-media":"","overlay-type":"","overlay-color":"","overlay-gradient":""}},"ast-content-background-meta":{"desktop":{"background-color":"var(--ast-global-color-5)","background-image":"","background-repeat":"repeat","background-position":"center center","background-size":"auto","background-attachment":"scroll","background-type":"","background-media":"","overlay-type":"","overlay-color":"","overlay-gradient":""},"tablet":{"background-color":"var(--ast-global-color-5)","background-image":"","background-repeat":"repeat","background-position":"center center","background-size":"auto","background-attachment":"scroll","background-type":"","background-media":"","overlay-type":"","overlay-color":"","overlay-gradient":""},"mobile":{"background-color":"var(--ast-global-color-5)","background-image":"","background-repeat":"repeat","background-position":"center center","background-size":"auto","background-attachment":"scroll","background-type":"","background-media":"","overlay-type":"","overlay-color":"","overlay-gradient":""}},"footnotes":""},"class_list":["post-2024","page","type-page","status-publish","hentry"],"yoast_head":"<!-- This site is optimized with the Yoast SEO plugin v27.4 - https:\/\/yoast.com\/product\/yoast-seo-wordpress\/ -->\n<title>\u00dcber uns &#8212; Law Office Vujacic<\/title>\n<meta name=\"robots\" content=\"index, follow, max-snippet:-1, max-image-preview:large, max-video-preview:-1\" \/>\n<link rel=\"canonical\" href=\"https:\/\/www.lawoffice-vujacic.com\/de\/uber-uns\/\" \/>\n<meta property=\"og:locale\" content=\"de_DE\" \/>\n<meta property=\"og:type\" content=\"article\" \/>\n<meta property=\"og:title\" content=\"\u00dcber uns &#8212; Law Office Vujacic\" \/>\n<meta property=\"og:description\" content=\"\u00dcber uns Law Office Vujacic Ist eine moderne Gesch\u00e4ftsrechtskanzlei mit einer langen und stolzen Tradition der Unterst\u00fctzung der Klienten mit hochwertiger Rechtsberatung in allen Bereichen des Gesellschaftsrechts, Zivilrecht und Handelsrecht. Unsere Arbeit und Engagement, um umfassende und effektive Rechtsberatung den inl\u00e4ndischen und ausl\u00e4ndischen Klienten, die in Montenegro bedienen, zu bieten und innovative L\u00f6sungen zu finden, [&hellip;]\" \/>\n<meta property=\"og:url\" content=\"https:\/\/www.lawoffice-vujacic.com\/de\/uber-uns\/\" \/>\n<meta property=\"og:site_name\" content=\"Law Office Vujacic\" \/>\n<meta property=\"article:publisher\" content=\"https:\/\/www.facebook.com\/lawvujacic\" \/>\n<meta property=\"article:modified_time\" content=\"2024-03-11T18:16:35+00:00\" \/>\n<meta property=\"og:image\" content=\"https:\/\/www.lawoffice-vujacic.com\/media\/2020\/12\/hero-01.jpg\" \/>\n\t<meta property=\"og:image:width\" content=\"1920\" \/>\n\t<meta property=\"og:image:height\" content=\"1166\" \/>\n\t<meta property=\"og:image:type\" content=\"image\/jpeg\" \/>\n<meta name=\"twitter:card\" content=\"summary_large_image\" \/>\n<meta name=\"twitter:label1\" content=\"Gesch\u00e4tzte Lesezeit\" \/>\n\t<meta name=\"twitter:data1\" content=\"1\u00a0Minute\" \/>\n<script type=\"application\/ld+json\" class=\"yoast-schema-graph\">{\"@context\":\"https:\\\/\\\/schema.org\",\"@graph\":[{\"@type\":\"WebPage\",\"@id\":\"https:\\\/\\\/www.lawoffice-vujacic.com\\\/de\\\/uber-uns\\\/\",\"url\":\"https:\\\/\\\/www.lawoffice-vujacic.com\\\/de\\\/uber-uns\\\/\",\"name\":\"\u00dcber uns &#8212; Law Office Vujacic\",\"isPartOf\":{\"@id\":\"https:\\\/\\\/www.lawoffice-vujacic.com\\\/#website\"},\"datePublished\":\"2020-12-03T12:33:37+00:00\",\"dateModified\":\"2024-03-11T18:16:35+00:00\",\"breadcrumb\":{\"@id\":\"https:\\\/\\\/www.lawoffice-vujacic.com\\\/de\\\/uber-uns\\\/#breadcrumb\"},\"inLanguage\":\"de\",\"potentialAction\":[{\"@type\":\"ReadAction\",\"target\":[\"https:\\\/\\\/www.lawoffice-vujacic.com\\\/de\\\/uber-uns\\\/\"]}]},{\"@type\":\"BreadcrumbList\",\"@id\":\"https:\\\/\\\/www.lawoffice-vujacic.com\\\/de\\\/uber-uns\\\/#breadcrumb\",\"itemListElement\":[{\"@type\":\"ListItem\",\"position\":1,\"name\":\"Home\",\"item\":\"https:\\\/\\\/www.lawoffice-vujacic.com\\\/\"},{\"@type\":\"ListItem\",\"position\":2,\"name\":\"\u00dcber uns\"}]},{\"@type\":\"WebSite\",\"@id\":\"https:\\\/\\\/www.lawoffice-vujacic.com\\\/#website\",\"url\":\"https:\\\/\\\/www.lawoffice-vujacic.com\\\/\",\"name\":\"Law Office Vujacic\",\"description\":\"Law Office Vujacic is law firm with a long and proud tradition of supporting clients by high quality legal services.\",\"publisher\":{\"@id\":\"https:\\\/\\\/www.lawoffice-vujacic.com\\\/#organization\"},\"potentialAction\":[{\"@type\":\"SearchAction\",\"target\":{\"@type\":\"EntryPoint\",\"urlTemplate\":\"https:\\\/\\\/www.lawoffice-vujacic.com\\\/?s={search_term_string}\"},\"query-input\":{\"@type\":\"PropertyValueSpecification\",\"valueRequired\":true,\"valueName\":\"search_term_string\"}}],\"inLanguage\":\"de\"},{\"@type\":\"Organization\",\"@id\":\"https:\\\/\\\/www.lawoffice-vujacic.com\\\/#organization\",\"name\":\"Law Office Vujacic\",\"url\":\"https:\\\/\\\/www.lawoffice-vujacic.com\\\/\",\"logo\":{\"@type\":\"ImageObject\",\"inLanguage\":\"de\",\"@id\":\"https:\\\/\\\/www.lawoffice-vujacic.com\\\/#\\\/schema\\\/logo\\\/image\\\/\",\"url\":\"https:\\\/\\\/www.lawoffice-vujacic.com\\\/media\\\/2020\\\/12\\\/favicon.png\",\"contentUrl\":\"https:\\\/\\\/www.lawoffice-vujacic.com\\\/media\\\/2020\\\/12\\\/favicon.png\",\"width\":512,\"height\":512,\"caption\":\"Law Office Vujacic\"},\"image\":{\"@id\":\"https:\\\/\\\/www.lawoffice-vujacic.com\\\/#\\\/schema\\\/logo\\\/image\\\/\"},\"sameAs\":[\"https:\\\/\\\/www.facebook.com\\\/lawvujacic\",\"https:\\\/\\\/www.linkedin.com\\\/company\\\/law-office-vujacic\\\/\"]}]}<\/script>\n<!-- \/ Yoast SEO plugin. -->","yoast_head_json":{"title":"\u00dcber uns &#8212; Law Office Vujacic","robots":{"index":"index","follow":"follow","max-snippet":"max-snippet:-1","max-image-preview":"max-image-preview:large","max-video-preview":"max-video-preview:-1"},"canonical":"https:\/\/www.lawoffice-vujacic.com\/de\/uber-uns\/","og_locale":"de_DE","og_type":"article","og_title":"\u00dcber uns &#8212; Law Office Vujacic","og_description":"\u00dcber uns Law Office Vujacic Ist eine moderne Gesch\u00e4ftsrechtskanzlei mit einer langen und stolzen Tradition der Unterst\u00fctzung der Klienten mit hochwertiger Rechtsberatung in allen Bereichen des Gesellschaftsrechts, Zivilrecht und Handelsrecht. Unsere Arbeit und Engagement, um umfassende und effektive Rechtsberatung den inl\u00e4ndischen und ausl\u00e4ndischen Klienten, die in Montenegro bedienen, zu bieten und innovative L\u00f6sungen zu finden, [&hellip;]","og_url":"https:\/\/www.lawoffice-vujacic.com\/de\/uber-uns\/","og_site_name":"Law Office Vujacic","article_publisher":"https:\/\/www.facebook.com\/lawvujacic","article_modified_time":"2024-03-11T18:16:35+00:00","og_image":[{"width":1920,"height":1166,"url":"https:\/\/www.lawoffice-vujacic.com\/media\/2020\/12\/hero-01.jpg","type":"image\/jpeg"}],"twitter_card":"summary_large_image","twitter_misc":{"Gesch\u00e4tzte Lesezeit":"1\u00a0Minute"},"schema":{"@context":"https:\/\/schema.org","@graph":[{"@type":"WebPage","@id":"https:\/\/www.lawoffice-vujacic.com\/de\/uber-uns\/","url":"https:\/\/www.lawoffice-vujacic.com\/de\/uber-uns\/","name":"\u00dcber uns &#8212; Law Office Vujacic","isPartOf":{"@id":"https:\/\/www.lawoffice-vujacic.com\/#website"},"datePublished":"2020-12-03T12:33:37+00:00","dateModified":"2024-03-11T18:16:35+00:00","breadcrumb":{"@id":"https:\/\/www.lawoffice-vujacic.com\/de\/uber-uns\/#breadcrumb"},"inLanguage":"de","potentialAction":[{"@type":"ReadAction","target":["https:\/\/www.lawoffice-vujacic.com\/de\/uber-uns\/"]}]},{"@type":"BreadcrumbList","@id":"https:\/\/www.lawoffice-vujacic.com\/de\/uber-uns\/#breadcrumb","itemListElement":[{"@type":"ListItem","position":1,"name":"Home","item":"https:\/\/www.lawoffice-vujacic.com\/"},{"@type":"ListItem","position":2,"name":"\u00dcber uns"}]},{"@type":"WebSite","@id":"https:\/\/www.lawoffice-vujacic.com\/#website","url":"https:\/\/www.lawoffice-vujacic.com\/","name":"Law Office Vujacic","description":"Law Office Vujacic is law firm with a long and proud tradition of supporting clients by high quality legal services.","publisher":{"@id":"https:\/\/www.lawoffice-vujacic.com\/#organization"},"potentialAction":[{"@type":"SearchAction","target":{"@type":"EntryPoint","urlTemplate":"https:\/\/www.lawoffice-vujacic.com\/?s={search_term_string}"},"query-input":{"@type":"PropertyValueSpecification","valueRequired":true,"valueName":"search_term_string"}}],"inLanguage":"de"},{"@type":"Organization","@id":"https:\/\/www.lawoffice-vujacic.com\/#organization","name":"Law Office Vujacic","url":"https:\/\/www.lawoffice-vujacic.com\/","logo":{"@type":"ImageObject","inLanguage":"de","@id":"https:\/\/www.lawoffice-vujacic.com\/#\/schema\/logo\/image\/","url":"https:\/\/www.lawoffice-vujacic.com\/media\/2020\/12\/favicon.png","contentUrl":"https:\/\/www.lawoffice-vujacic.com\/media\/2020\/12\/favicon.png","width":512,"height":512,"caption":"Law Office Vujacic"},"image":{"@id":"https:\/\/www.lawoffice-vujacic.com\/#\/schema\/logo\/image\/"},"sameAs":["https:\/\/www.facebook.com\/lawvujacic","https:\/\/www.linkedin.com\/company\/law-office-vujacic\/"]}]}},"_links":{"self":[{"href":"https:\/\/www.lawoffice-vujacic.com\/de\/wp-json\/wp\/v2\/pages\/2024","targetHints":{"allow":["GET"]}}],"collection":[{"href":"https:\/\/www.lawoffice-vujacic.com\/de\/wp-json\/wp\/v2\/pages"}],"about":[{"href":"https:\/\/www.lawoffice-vujacic.com\/de\/wp-json\/wp\/v2\/types\/page"}],"author":[{"embeddable":true,"href":"https:\/\/www.lawoffice-vujacic.com\/de\/wp-json\/wp\/v2\/users\/4"}],"replies":[{"embeddable":true,"href":"https:\/\/www.lawoffice-vujacic.com\/de\/wp-json\/wp\/v2\/comments?post=2024"}],"version-history":[{"count":20,"href":"https:\/\/www.lawoffice-vujacic.com\/de\/wp-json\/wp\/v2\/pages\/2024\/revisions"}],"predecessor-version":[{"id":2101,"href":"https:\/\/www.lawoffice-vujacic.com\/de\/wp-json\/wp\/v2\/pages\/2024\/revisions\/2101"}],"wp:attachment":[{"href":"https:\/\/www.lawoffice-vujacic.com\/de\/wp-json\/wp\/v2\/media?parent=2024"}],"curies":[{"name":"wp","href":"https:\/\/api.w.org\/{rel}","templated":true}]}}